{"id":56,"date":"2024-05-20T07:54:36","date_gmt":"2024-05-20T07:54:36","guid":{"rendered":"https:\/\/demosites.royal-elementor-addons.com\/graphic-nature-v1\/?page_id=7"},"modified":"2025-09-08T16:19:22","modified_gmt":"2025-09-08T16:19:22","slug":"home-graphic-nature-v1","status":"publish","type":"page","link":"https:\/\/ecboavista.innovstar.pt\/","title":{"rendered":"Home"},"content":{"rendered":"\t\t<div data-elementor-type=\"wp-page\" data-elementor-id=\"56\" class=\"elementor elementor-56\">\n\t\t\t\t<div class=\"elementor-element elementor-element-3083d6f e-flex e-con-boxed wpr-jarallax-no wpr-parallax-no wpr-sticky-section-no e-con e-parent\" data-id=\"3083d6f\" data-element_type=\"container\" data-settings=\"{&quot;background_background&quot;:&quot;classic&quot;}\">\n\t\t\t\t\t<div class=\"e-con-inner\">\n\t\t\t\t<div class=\"elementor-element elementor-element-297221e wpr-advanced-text-style-animated wpr-fancy-text-typing wpr-animated-text-infinite-yes elementor-invisible elementor-widget elementor-widget-wpr-advanced-text\" data-id=\"297221e\" data-element_type=\"widget\" data-settings=\"{&quot;_animation&quot;:&quot;zoomIn&quot;,&quot;anim_loop&quot;:&quot;yes&quot;}\" data-widget_type=\"wpr-advanced-text.default\">\n\t\t\t\t<div class=\"elementor-widget-container\">\n\t\t\t\t\t\n\t\t<h1 class=\"wpr-advanced-text\">\n\n\t\t\t\t\t\n\t\t\t\t\t\t\t<span class=\"wpr-advanced-text-preffix\">Desde 1956 <br><\/span>\n\t\t\t\n\t\t<span class=\"wpr-anim-text wpr-anim-text-type-typing wpr-anim-text-letters\" data-anim-duration=\"200,2000\" data-anim-loop=\"yes\">\n\t\t\t<span class=\"wpr-anim-text-inner\">\n\t\t\t\t\t\t\t\t\t<b>a formar condutores.<\/b>\n\t\t\t\t\t\t\t<\/span>\n\t\t\t<span class=\"wpr-anim-text-cursor\">|<\/span>\t\t<\/span>\n\n\t\t\t\t\n\t\t<\/h1>\n\t\t\n\t\t\t\t\t\t<\/div>\n\t\t\t\t<\/div>\n\t\t\t\t<div class=\"elementor-element elementor-element-f0af0c0 wpr-button-icon-style-inline wpr-button-icon-position-right elementor-invisible elementor-widget elementor-widget-wpr-button\" data-id=\"f0af0c0\" data-element_type=\"widget\" data-settings=\"{&quot;_animation&quot;:&quot;zoomIn&quot;,&quot;_animation_delay&quot;:100}\" data-widget_type=\"wpr-button.default\">\n\t\t\t\t<div class=\"elementor-widget-container\">\n\t\t\t\t\t\t\n\t\t\t\n\t\t\n\t\t<div class=\"wpr-button-wrap elementor-clearfix\">\n\t\t<a class=\"wpr-button wpr-button-effect wpr-button-none\" data-text=\"\" href=\"https:\/\/ecboavista.innovstar.pt\/?page_id=8\">\n\t\t\t\n\t\t\t<span class=\"wpr-button-content\">\n\t\t\t\t\t\t\t\t\t<span class=\"wpr-button-text\">Saber Mais<\/span>\n\t\t\t\t\t\t\t\t\n\t\t\t\t\t\t\t<\/span>\n\t\t<\/a>\n\n\t\t\t\t<\/div>\n\t\n\t\n\t\t\t\t\t<\/div>\n\t\t\t\t<\/div>\n\t\t\t\t\t<\/div>\n\t\t\t\t<\/div>\n\t\t<div class=\"elementor-element elementor-element-8e397cb e-grid e-con-boxed wpr-particle-no wpr-jarallax-no wpr-parallax-no wpr-sticky-section-no e-con e-parent\" data-id=\"8e397cb\" data-element_type=\"container\">\n\t\t\t\t\t<div class=\"e-con-inner\">\n\t\t\t\t<div class=\"elementor-element elementor-element-7466ea9 elementor-position-top elementor-invisible elementor-widget elementor-widget-image-box\" data-id=\"7466ea9\" data-element_type=\"widget\" data-settings=\"{&quot;_animation&quot;:&quot;zoomIn&quot;}\" data-widget_type=\"image-box.default\">\n\t\t\t\t<div class=\"elementor-widget-container\">\n\t\t\t\t\t<div class=\"elementor-image-box-wrapper\"><figure class=\"elementor-image-box-img\"><img fetchpriority=\"high\" decoding=\"async\" width=\"1080\" height=\"1080\" src=\"https:\/\/ecboavista.innovstar.pt\/wp-content\/uploads\/2025\/06\/ECBoavista.png\" class=\"attachment-full size-full wp-image-290\" alt=\"\" srcset=\"https:\/\/ecboavista.innovstar.pt\/wp-content\/uploads\/2025\/06\/ECBoavista.png 1080w, https:\/\/ecboavista.innovstar.pt\/wp-content\/uploads\/2025\/06\/ECBoavista-300x300.png 300w, https:\/\/ecboavista.innovstar.pt\/wp-content\/uploads\/2025\/06\/ECBoavista-1024x1024.png 1024w, https:\/\/ecboavista.innovstar.pt\/wp-content\/uploads\/2025\/06\/ECBoavista-150x150.png 150w, https:\/\/ecboavista.innovstar.pt\/wp-content\/uploads\/2025\/06\/ECBoavista-768x768.png 768w\" sizes=\"(max-width: 1080px) 100vw, 1080px\" \/><\/figure><div class=\"elementor-image-box-content\"><h3 class=\"elementor-image-box-title\">EC Boavista<\/h3><\/div><\/div>\t\t\t\t<\/div>\n\t\t\t\t<\/div>\n\t\t\t\t<div class=\"elementor-element elementor-element-c824b78 elementor-position-top elementor-invisible elementor-widget elementor-widget-image-box\" data-id=\"c824b78\" data-element_type=\"widget\" data-settings=\"{&quot;_animation&quot;:&quot;zoomIn&quot;,&quot;_animation_delay&quot;:100}\" data-widget_type=\"image-box.default\">\n\t\t\t\t<div class=\"elementor-widget-container\">\n\t\t\t\t\t<div class=\"elementor-image-box-wrapper\"><figure class=\"elementor-image-box-img\"><img decoding=\"async\" width=\"1080\" height=\"1080\" src=\"https:\/\/ecboavista.innovstar.pt\/wp-content\/uploads\/2025\/06\/ECBoavista-1.png\" class=\"attachment-full size-full wp-image-291\" alt=\"\" srcset=\"https:\/\/ecboavista.innovstar.pt\/wp-content\/uploads\/2025\/06\/ECBoavista-1.png 1080w, https:\/\/ecboavista.innovstar.pt\/wp-content\/uploads\/2025\/06\/ECBoavista-1-300x300.png 300w, https:\/\/ecboavista.innovstar.pt\/wp-content\/uploads\/2025\/06\/ECBoavista-1-1024x1024.png 1024w, https:\/\/ecboavista.innovstar.pt\/wp-content\/uploads\/2025\/06\/ECBoavista-1-150x150.png 150w, https:\/\/ecboavista.innovstar.pt\/wp-content\/uploads\/2025\/06\/ECBoavista-1-768x768.png 768w\" sizes=\"(max-width: 1080px) 100vw, 1080px\" \/><\/figure><div class=\"elementor-image-box-content\"><h3 class=\"elementor-image-box-title\">EC Boavista - Lamas<\/h3><\/div><\/div>\t\t\t\t<\/div>\n\t\t\t\t<\/div>\n\t\t\t\t<div class=\"elementor-element elementor-element-438bb44 elementor-position-top elementor-invisible elementor-widget elementor-widget-image-box\" data-id=\"438bb44\" data-element_type=\"widget\" data-settings=\"{&quot;_animation&quot;:&quot;zoomIn&quot;,&quot;_animation_delay&quot;:200}\" data-widget_type=\"image-box.default\">\n\t\t\t\t<div class=\"elementor-widget-container\">\n\t\t\t\t\t<div class=\"elementor-image-box-wrapper\"><figure class=\"elementor-image-box-img\"><img decoding=\"async\" width=\"1080\" height=\"1080\" src=\"https:\/\/ecboavista.innovstar.pt\/wp-content\/uploads\/2025\/06\/ECBoavista-2.png\" class=\"attachment-full size-full wp-image-292\" alt=\"\" srcset=\"https:\/\/ecboavista.innovstar.pt\/wp-content\/uploads\/2025\/06\/ECBoavista-2.png 1080w, https:\/\/ecboavista.innovstar.pt\/wp-content\/uploads\/2025\/06\/ECBoavista-2-300x300.png 300w, https:\/\/ecboavista.innovstar.pt\/wp-content\/uploads\/2025\/06\/ECBoavista-2-1024x1024.png 1024w, https:\/\/ecboavista.innovstar.pt\/wp-content\/uploads\/2025\/06\/ECBoavista-2-150x150.png 150w, https:\/\/ecboavista.innovstar.pt\/wp-content\/uploads\/2025\/06\/ECBoavista-2-768x768.png 768w\" sizes=\"(max-width: 1080px) 100vw, 1080px\" \/><\/figure><div class=\"elementor-image-box-content\"><h3 class=\"elementor-image-box-title\">EC Euro 2000 - Canelas<\/h3><\/div><\/div>\t\t\t\t<\/div>\n\t\t\t\t<\/div>\n\t\t\t\t<div class=\"elementor-element elementor-element-adda27a elementor-position-top elementor-invisible elementor-widget elementor-widget-image-box\" data-id=\"adda27a\" data-element_type=\"widget\" data-settings=\"{&quot;_animation&quot;:&quot;zoomIn&quot;,&quot;_animation_delay&quot;:200}\" data-widget_type=\"image-box.default\">\n\t\t\t\t<div class=\"elementor-widget-container\">\n\t\t\t\t\t<div class=\"elementor-image-box-wrapper\"><figure class=\"elementor-image-box-img\"><img loading=\"lazy\" decoding=\"async\" width=\"1080\" height=\"1080\" src=\"https:\/\/ecboavista.innovstar.pt\/wp-content\/uploads\/2025\/06\/ECBoavista-3.png\" class=\"attachment-full size-full wp-image-293\" alt=\"\" srcset=\"https:\/\/ecboavista.innovstar.pt\/wp-content\/uploads\/2025\/06\/ECBoavista-3.png 1080w, https:\/\/ecboavista.innovstar.pt\/wp-content\/uploads\/2025\/06\/ECBoavista-3-300x300.png 300w, https:\/\/ecboavista.innovstar.pt\/wp-content\/uploads\/2025\/06\/ECBoavista-3-1024x1024.png 1024w, https:\/\/ecboavista.innovstar.pt\/wp-content\/uploads\/2025\/06\/ECBoavista-3-150x150.png 150w, https:\/\/ecboavista.innovstar.pt\/wp-content\/uploads\/2025\/06\/ECBoavista-3-768x768.png 768w\" sizes=\"(max-width: 1080px) 100vw, 1080px\" \/><\/figure><div class=\"elementor-image-box-content\"><h3 class=\"elementor-image-box-title\">EC Lordelo<\/h3><\/div><\/div>\t\t\t\t<\/div>\n\t\t\t\t<\/div>\n\t\t\t\t\t<\/div>\n\t\t\t\t<\/div>\n\t\t<div class=\"elementor-element elementor-element-b26a811 e-flex e-con-boxed wpr-particle-no wpr-jarallax-no wpr-parallax-no wpr-sticky-section-no e-con e-parent\" data-id=\"b26a811\" data-element_type=\"container\">\n\t\t\t\t\t<div class=\"e-con-inner\">\n\t\t<div class=\"elementor-element elementor-element-73359a1 e-con-full e-flex wpr-particle-no wpr-jarallax-no wpr-parallax-no wpr-sticky-section-no e-con e-child\" data-id=\"73359a1\" data-element_type=\"container\">\n\t\t\t\t<div class=\"elementor-element elementor-element-68297fc elementor-align-center elementor-widget elementor-widget-button\" data-id=\"68297fc\" data-element_type=\"widget\" data-widget_type=\"button.default\">\n\t\t\t\t<div class=\"elementor-widget-container\">\n\t\t\t\t\t\t\t\t\t<div class=\"elementor-button-wrapper\">\n\t\t\t\t\t<a class=\"elementor-button elementor-button-link elementor-size-sm\" href=\"https:\/\/ecboavista.innovstar.pt\/?page_id=8\/#escolas\">\n\t\t\t\t\t\t<span class=\"elementor-button-content-wrapper\">\n\t\t\t\t\t\t\t\t\t<span class=\"elementor-button-text\">Saber Mais<\/span>\n\t\t\t\t\t<\/span>\n\t\t\t\t\t<\/a>\n\t\t\t\t<\/div>\n\t\t\t\t\t\t\t\t<\/div>\n\t\t\t\t<\/div>\n\t\t\t\t<\/div>\n\t\t<div class=\"elementor-element elementor-element-973b4c5 e-con-full e-flex wpr-particle-no wpr-jarallax-no wpr-parallax-no wpr-sticky-section-no e-con e-child\" data-id=\"973b4c5\" data-element_type=\"container\">\n\t\t\t\t<div class=\"elementor-element elementor-element-a9885bb elementor-align-center elementor-widget elementor-widget-button\" data-id=\"a9885bb\" data-element_type=\"widget\" data-widget_type=\"button.default\">\n\t\t\t\t<div class=\"elementor-widget-container\">\n\t\t\t\t\t\t\t\t\t<div class=\"elementor-button-wrapper\">\n\t\t\t\t\t<a class=\"elementor-button elementor-button-link elementor-size-sm\" href=\"https:\/\/ecboavista.innovstar.pt\/?page_id=8\/#escolas\">\n\t\t\t\t\t\t<span class=\"elementor-button-content-wrapper\">\n\t\t\t\t\t\t\t\t\t<span class=\"elementor-button-text\">Saber Mais<\/span>\n\t\t\t\t\t<\/span>\n\t\t\t\t\t<\/a>\n\t\t\t\t<\/div>\n\t\t\t\t\t\t\t\t<\/div>\n\t\t\t\t<\/div>\n\t\t\t\t<\/div>\n\t\t<div class=\"elementor-element elementor-element-f26a311 e-con-full e-flex wpr-particle-no wpr-jarallax-no wpr-parallax-no wpr-sticky-section-no e-con e-child\" data-id=\"f26a311\" data-element_type=\"container\">\n\t\t\t\t<div class=\"elementor-element elementor-element-9c575b6 elementor-align-center elementor-widget elementor-widget-button\" data-id=\"9c575b6\" data-element_type=\"widget\" data-widget_type=\"button.default\">\n\t\t\t\t<div class=\"elementor-widget-container\">\n\t\t\t\t\t\t\t\t\t<div class=\"elementor-button-wrapper\">\n\t\t\t\t\t<a class=\"elementor-button elementor-button-link elementor-size-sm\" href=\"https:\/\/ecboavista.innovstar.pt\/?page_id=8\/#escolas\">\n\t\t\t\t\t\t<span class=\"elementor-button-content-wrapper\">\n\t\t\t\t\t\t\t\t\t<span class=\"elementor-button-text\">Saber Mais<\/span>\n\t\t\t\t\t<\/span>\n\t\t\t\t\t<\/a>\n\t\t\t\t<\/div>\n\t\t\t\t\t\t\t\t<\/div>\n\t\t\t\t<\/div>\n\t\t\t\t<\/div>\n\t\t<div class=\"elementor-element elementor-element-eca5c05 e-con-full e-flex wpr-particle-no wpr-jarallax-no wpr-parallax-no wpr-sticky-section-no e-con e-child\" data-id=\"eca5c05\" data-element_type=\"container\">\n\t\t\t\t<div class=\"elementor-element elementor-element-2658f6c elementor-align-center elementor-widget elementor-widget-button\" data-id=\"2658f6c\" data-element_type=\"widget\" data-widget_type=\"button.default\">\n\t\t\t\t<div class=\"elementor-widget-container\">\n\t\t\t\t\t\t\t\t\t<div class=\"elementor-button-wrapper\">\n\t\t\t\t\t<a class=\"elementor-button elementor-button-link elementor-size-sm\" href=\"https:\/\/ecboavista.innovstar.pt\/?page_id=8\/#escolas\">\n\t\t\t\t\t\t<span class=\"elementor-button-content-wrapper\">\n\t\t\t\t\t\t\t\t\t<span class=\"elementor-button-text\">Saber Mais<\/span>\n\t\t\t\t\t<\/span>\n\t\t\t\t\t<\/a>\n\t\t\t\t<\/div>\n\t\t\t\t\t\t\t\t<\/div>\n\t\t\t\t<\/div>\n\t\t\t\t<\/div>\n\t\t\t\t\t<\/div>\n\t\t\t\t<\/div>\n\t\t<div class=\"elementor-element elementor-element-37d657e e-flex e-con-boxed wpr-particle-no wpr-jarallax-no wpr-parallax-no wpr-sticky-section-no e-con e-parent\" data-id=\"37d657e\" data-element_type=\"container\">\n\t\t\t\t\t<div class=\"e-con-inner\">\n\t\t<div class=\"elementor-element elementor-element-e5b3b11 e-flex e-con-boxed wpr-particle-no wpr-jarallax-no wpr-parallax-no wpr-sticky-section-no elementor-invisible e-con e-child\" data-id=\"e5b3b11\" data-element_type=\"container\" data-settings=\"{&quot;animation&quot;:&quot;slideInLeft&quot;}\">\n\t\t\t\t\t<div class=\"e-con-inner\">\n\t\t\t\t<div class=\"elementor-element elementor-element-71bb8a7 elementor-widget elementor-widget-image\" data-id=\"71bb8a7\" data-element_type=\"widget\" data-widget_type=\"image.default\">\n\t\t\t\t<div class=\"elementor-widget-container\">\n\t\t\t\t\t\t\t\t\t\t\t\t\t\t\t<img loading=\"lazy\" decoding=\"async\" width=\"960\" height=\"640\" src=\"https:\/\/ecboavista.innovstar.pt\/wp-content\/uploads\/2024\/05\/IMG_2755-1024x683.jpg\" class=\"attachment-large size-large wp-image-264\" alt=\"\" srcset=\"https:\/\/ecboavista.innovstar.pt\/wp-content\/uploads\/2024\/05\/IMG_2755-1024x683.jpg 1024w, https:\/\/ecboavista.innovstar.pt\/wp-content\/uploads\/2024\/05\/IMG_2755-300x200.jpg 300w, https:\/\/ecboavista.innovstar.pt\/wp-content\/uploads\/2024\/05\/IMG_2755-768x512.jpg 768w, https:\/\/ecboavista.innovstar.pt\/wp-content\/uploads\/2024\/05\/IMG_2755-1536x1024.jpg 1536w, https:\/\/ecboavista.innovstar.pt\/wp-content\/uploads\/2024\/05\/IMG_2755-2048x1365.jpg 2048w\" sizes=\"(max-width: 960px) 100vw, 960px\" \/>\t\t\t\t\t\t\t\t\t\t\t\t\t\t\t<\/div>\n\t\t\t\t<\/div>\n\t\t\t\t\t<\/div>\n\t\t\t\t<\/div>\n\t\t<div class=\"elementor-element elementor-element-9af76c6 e-flex e-con-boxed wpr-particle-no wpr-jarallax-no wpr-parallax-no wpr-sticky-section-no elementor-invisible e-con e-child\" data-id=\"9af76c6\" data-element_type=\"container\" data-settings=\"{&quot;animation&quot;:&quot;slideInRight&quot;}\">\n\t\t\t\t\t<div class=\"e-con-inner\">\n\t\t\t\t<div class=\"elementor-element elementor-element-0a6b97f elementor-widget elementor-widget-heading\" data-id=\"0a6b97f\" data-element_type=\"widget\" data-widget_type=\"heading.default\">\n\t\t\t\t<div class=\"elementor-widget-container\">\n\t\t\t\t\t<h2 class=\"elementor-heading-title elementor-size-default\">Sobre<\/h2>\t\t\t\t<\/div>\n\t\t\t\t<\/div>\n\t\t\t\t<div class=\"elementor-element elementor-element-164d751 elementor-widget elementor-widget-text-editor\" data-id=\"164d751\" data-element_type=\"widget\" data-widget_type=\"text-editor.default\">\n\t\t\t\t<div class=\"elementor-widget-container\">\n\t\t\t\t\t\t\t\t\t<p><span class=\"relative -mx-px my-[-0.2rem] rounded px-px py-[0.2rem] transition-colors duration-100 ease-in-out\">Fundada a 2 de maio de 1956, a Escola de Condu\u00e7\u00e3o Boavista \u00e9 uma refer\u00eancia no ensino da condu\u00e7\u00e3o autom\u00f3vel na regi\u00e3o Norte de Portugal.<\/span> <span class=\"relative -mx-px my-[-0.2rem] rounded px-px py-[0.2rem] transition-colors duration-100 ease-in-out\">Com mais de 50.000 condutores formados ao longo de v\u00e1rias gera\u00e7\u00f5es, mantemos o compromisso de oferecer uma forma\u00e7\u00e3o de excel\u00eancia, aliando tradi\u00e7\u00e3o e inova\u00e7\u00e3o.<\/span><\/p><p>Com v\u00e1rias localiza\u00e7\u00f5es, incluindo a sede na Avenida da Boavista, em Porto, e outras unidades em Lordelo, Canelas (Euro 2000) e Santa Maria de Lamas, garantimos acessibilidade e conveni\u00eancia para os nossos<\/p><p>Na Escola de Condu\u00e7\u00e3o Boavista, estamos comprometidos em formar condutores seguros e respons\u00e1veis, contribuindo para uma condu\u00e7\u00e3o mais segura nas estradas.<\/p>\t\t\t\t\t\t\t\t<\/div>\n\t\t\t\t<\/div>\n\t\t\t\t\t<\/div>\n\t\t\t\t<\/div>\n\t\t\t\t\t<\/div>\n\t\t\t\t<\/div>\n\t\t\t\t<\/div>\n\t\t","protected":false},"excerpt":{"rendered":"<p>Desde 1956 a formar condutores. | Saber Mais EC Boavista EC Boavista &#8211; Lamas EC Euro 2000 &#8211; Canelas EC Lordelo Saber Mais Saber Mais Saber Mais Saber Mais Sobre Fundada a 2 de maio de 1956, a Escola de Condu\u00e7\u00e3o Boavista \u00e9 uma refer\u00eancia no ensino da condu\u00e7\u00e3o autom\u00f3vel na regi\u00e3o Norte de Portugal. Com mais de 50.000 condutores formados ao longo de v\u00e1rias gera\u00e7\u00f5es, mantemos o compromisso de oferecer uma forma\u00e7\u00e3o de excel\u00eancia, aliando tradi\u00e7\u00e3o e inova\u00e7\u00e3o. Com v\u00e1rias localiza\u00e7\u00f5es, incluindo a sede na Avenida da Boavista, em Porto, e outras unidades em Lordelo, Canelas (Euro 2000) e Santa Maria de Lamas, garantimos acessibilidade e conveni\u00eancia para os nossos Na Escola de Condu\u00e7\u00e3o Boavista, estamos comprometidos em formar condutores seguros e respons\u00e1veis, contribuindo para uma condu\u00e7\u00e3o mais segura nas estradas.<\/p>\n","protected":false},"author":1,"featured_media":0,"parent":0,"menu_order":0,"comment_status":"closed","ping_status":"closed","template":"elementor_canvas","meta":{"footnotes":""},"class_list":["post-56","page","type-page","status-publish","hentry"],"_links":{"self":[{"href":"https:\/\/ecboavista.innovstar.pt\/index.php?rest_route=\/wp\/v2\/pages\/56","targetHints":{"allow":["GET"]}}],"collection":[{"href":"https:\/\/ecboavista.innovstar.pt\/index.php?rest_route=\/wp\/v2\/pages"}],"about":[{"href":"https:\/\/ecboavista.innovstar.pt\/index.php?rest_route=\/wp\/v2\/types\/page"}],"author":[{"embeddable":true,"href":"https:\/\/ecboavista.innovstar.pt\/index.php?rest_route=\/wp\/v2\/users\/1"}],"replies":[{"embeddable":true,"href":"https:\/\/ecboavista.innovstar.pt\/index.php?rest_route=%2Fwp%2Fv2%2Fcomments&post=56"}],"version-history":[{"count":57,"href":"https:\/\/ecboavista.innovstar.pt\/index.php?rest_route=\/wp\/v2\/pages\/56\/revisions"}],"predecessor-version":[{"id":406,"href":"https:\/\/ecboavista.innovstar.pt\/index.php?rest_route=\/wp\/v2\/pages\/56\/revisions\/406"}],"wp:attachment":[{"href":"https:\/\/ecboavista.innovstar.pt\/index.php?rest_route=%2Fwp%2Fv2%2Fmedia&parent=56"}],"curies":[{"name":"wp","href":"https:\/\/api.w.org\/{rel}","templated":true}]}}